{"id":41,"date":"2022-09-29T15:23:50","date_gmt":"2022-09-29T15:23:50","guid":{"rendered":"https:\/\/themes.pixelwars.org\/idfolio\/demo-01\/?page_id=41"},"modified":"2025-09-30T13:13:27","modified_gmt":"2025-09-30T11:13:27","slug":"munkaim","status":"publish","type":"page","link":"https:\/\/sepsy-art.hu\/en_gb\/munkaim\/","title":{"rendered":"Munk\u00e1im"},"content":{"rendered":"","protected":false},"excerpt":{"rendered":"<p>A festm\u00e9nyek olyan napl\u00f3szer\u0171 bejegyz\u00e9sek, amelyekben a l\u00e9lek k\u00fcl\u00f6nb\u00f6z\u0151 arcai jelennek meg. L\u00e1tom\u00e1sok \u00e9s \u00e1lmok, zuhan\u00e1sok \u00e9s bels\u0151 sz\u00ednpadok, \u00e1larcok \u00e9s rejtett igazs\u00e1gok rajzolj\u00e1k ki ezt a vil\u00e1got. A v\u00e1szon egyszerre t\u00fck\u00f6r \u00e9s sz\u00ednpad: mindaz, ami bennem form\u00e1t \u00f6lt.<\/p>","protected":false},"author":1,"featured_media":0,"parent":0,"menu_order":0,"comment_status":"closed","ping_status":"closed","template":"page_template-portfolio-horizontal-title-inside.php","meta":{"inline_featured_image":false,"footnotes":""},"class_list":["post-41","page","type-page","status-publish","hentry"],"_links":{"self":[{"href":"https:\/\/sepsy-art.hu\/en_gb\/wp-json\/wp\/v2\/pages\/41","targetHints":{"allow":["GET"]}}],"collection":[{"href":"https:\/\/sepsy-art.hu\/en_gb\/wp-json\/wp\/v2\/pages"}],"about":[{"href":"https:\/\/sepsy-art.hu\/en_gb\/wp-json\/wp\/v2\/types\/page"}],"author":[{"embeddable":true,"href":"https:\/\/sepsy-art.hu\/en_gb\/wp-json\/wp\/v2\/users\/1"}],"replies":[{"embeddable":true,"href":"https:\/\/sepsy-art.hu\/en_gb\/wp-json\/wp\/v2\/comments?post=41"}],"version-history":[{"count":3,"href":"https:\/\/sepsy-art.hu\/en_gb\/wp-json\/wp\/v2\/pages\/41\/revisions"}],"predecessor-version":[{"id":2282,"href":"https:\/\/sepsy-art.hu\/en_gb\/wp-json\/wp\/v2\/pages\/41\/revisions\/2282"}],"wp:attachment":[{"href":"https:\/\/sepsy-art.hu\/en_gb\/wp-json\/wp\/v2\/media?parent=41"}],"curies":[{"name":"wp","href":"https:\/\/api.w.org\/{rel}","templated":true}]}}